{"id":768,"date":"2023-06-28T15:06:28","date_gmt":"2023-06-28T13:06:28","guid":{"rendered":"https:\/\/www.koulio.com\/?page_id=768"},"modified":"2023-11-07T19:38:55","modified_gmt":"2023-11-07T18:38:55","slug":"home","status":"publish","type":"page","link":"https:\/\/www.koulio.com\/hu\/","title":{"rendered":"Home"},"content":{"rendered":"\n<div class=\"wp-block-media-text alignwide is-stacked-on-mobile is-vertically-aligned-center\" style=\"grid-template-columns:21% auto\"><figure class=\"wp-block-media-text__media\"><img decoding=\"async\" src=\"https:\/\/www.koulio.com\/wp-content\/uploads\/2023\/08\/stromecek_koulio.png\" alt=\"\" class=\"wp-image-705 size-medium img-fluid\"\/><\/figure><div class=\"wp-block-media-text__content\">\n<h2 class=\"wp-block-heading has-text-align-center\">A G\u00d6MB\u00d6K T\u00d6RT\u00c9NETE<\/h2>\n\n\n\n<p><\/p>\n\n\n\n<p class=\"has-text-align-center\">Az akad\u00e9mi\u00e1nk egy kar\u00e1csonyfa t\u00f6rt\u00e9net\u00e9hez k\u00f6t\u0151dik. <\/p>\n\n\n\n<p class=\"has-text-align-center\">K\u00e9pzeljen el egy feny\u0151t, amely egymag\u00e1ban n\u0151 az erd\u0151ben. Gy\u00f6ny\u00f6r\u0171, z\u00f6ld, \u00e9lettel teli. Ezt a f\u00e1t kar\u00e1csonykor hazaviszi, be\u00e1ll\u00edtja a nappalija sark\u00e1ba \u00e9s nagy lelkesed\u00e9ssel elkezdi r\u00e1 aggatni a g\u00f6mb\u00f6ket \u00e9s m\u00e1s d\u00edszeket. <\/p>\n\n\n\n<p class=\"has-text-align-center\">A kar\u00e1csonyfa \u00e1gai a d\u00edszek s\u00falya alatt egyre al\u00e1bb cs\u00fcngenek, de a t\u00f6k\u00e9letess\u00e9g rem\u00e9ny\u00e9ben \u00d6n m\u00e9g k\u00f6rbefonja n\u00e9h\u00e1ny girlanddal \u00e9s a cs\u00facs\u00e1ra felhelyezi a f\u00e9nyes csillagot. Azt\u00e1n a teljes sz\u00e9ps\u00e9g\u00e9ben lef\u00e9nyk\u00e9pezi, a k\u00e9pet elk\u00fcldi a bar\u00e1tainak \u00e9s \u00faszik a boldogs\u00e1gban, hogy milyen gy\u00f6ny\u00f6r\u0171 f\u00e1ja van. Viszont elgondolkodott azon, hogy hogyan \u00e9rzi mag\u00e1t az ilyen felg\u00f6mb\u00f6z\u00f6tt fa, \u00f6sszehasonl\u00edtva az erdei \u00e9let\u00e9vel? (A kar\u00e1csonyfa-t\u00f6rt\u00e9net kiz\u00e1r\u00f3lag arra szolg\u00e1l, hogy elk\u00e9pzelj\u00fck a g\u00f6mb\u00f6ket, nem b\u00edr\u00e1lja a kar\u00e1csonyi hagyom\u00e1nyokat).<\/p>\n\n\n\n<p class=\"has-text-align-center\">\u00cdgy sz\u00fcletett \u00d6n is \u2013 mint egy tiszta fa, majd az \u00e9lete sor\u00e1n gy\u0171jt\u00f6gette a g\u00f6mb\u00f6k form\u00e1j\u00e1ban szerzett d\u00edszeket, hogy elnyerje m\u00e1sok tetsz\u00e9s\u00e9t. <\/p>\n\n\n\n<p class=\"has-text-align-center\">Azt\u00e1n \u00e9li az \u00e9let\u00e9t, ak\u00e1r egy feld\u00edsz\u00edtett kar\u00e1csonyfa. Ez a g\u00f6mb\u00f6kkel teli fa a tudatalattija, amely egyfolyt\u00e1ban befoly\u00e1solja a viselked\u00e9s\u00e9t \u00e9s a d\u00f6nt\u00e9seit. Ha \u00fagy \u00e9rzi, hogy pont ilyen \u00e9letet \u00e9l, akkor itt van az \u00d6n sz\u00e1m\u00e1ra a gyors \u00e9s hat\u00e9kony KOULIO m\u00f3dszer, amely seg\u00edts\u00e9g\u00e9vel megszabadul az \u00f6sszes kar\u00e1csonyfad\u00edsz\u00e9t\u0151l (a g\u00f6mb\u00f6kt\u0151l), \u00e9s megtal\u00e1lja az eredeti \u00e9nj\u00e9t. V\u00e9gre saj\u00e1t mag\u00e1v\u00e1 v\u00e1lik.<\/p>\n\n\n\n<div class=\"wp-block-buttons is-content-justification-center is-layout-flex wp-container-core-buttons-is-layout-1 wp-block-buttons-is-layout-flex\">\n<div class=\"wp-block-button is-style-red-button\"><a class=\"wp-block-button__link wp-element-button\" href=\"https:\/\/www.koulio.com\/hu\/mi-a-koulio\/\">A KOULIO b\u0151vebben<\/a><\/div>\n<\/div>\n<\/div><\/div>\n","protected":false},"excerpt":{"rendered":"","protected":false},"author":1,"featured_media":0,"parent":0,"menu_order":0,"comment_status":"closed","ping_status":"closed","template":"","meta":{"_acf_changed":false,"_themeisle_gutenberg_block_has_review":false,"footnotes":""},"class_list":["post-768","page","type-page","status-publish","hentry","no-thumbnail"],"acf":[],"yoast_head":"<!-- This site is optimized with the Yoast SEO plugin v24.5 - https:\/\/yoast.com\/wordpress\/plugins\/seo\/ -->\n<title>KOULIO | Korl\u00e1toz\u00f3 gondolatok n\u00e9lk\u00fcli \u00f6r\u00f6mteli \u00e9let<\/title>\n<meta name=\"description\" content=\"A KOULIO egy olyan m\u00f3dszerrel ismerteti meg, amely seg\u00edt a mindennapi \u00e9letben nemcsak \u00d6nnek, hanem a gyerekeinek \u00e9s a csal\u00e1dj\u00e1nak egyar\u00e1nt. \u00c9ljen \u00f6n\u00e9rt\u00e9kel\u00e9s \u00e9s m\u00e1sok b\u00edr\u00e1lata n\u00e9lk\u00fcli \u00e9letet. \u00c9ljen \u00f6n\u00e9rt\u00e9kel\u00e9s \u00e9s m\u00e1sok b\u00edr\u00e1lata n\u00e9lk\u00fcli \u00e9letet.\" \/>\n<meta name=\"robots\" content=\"index, follow, max-snippet:-1, max-image-preview:large, max-video-preview:-1\" \/>\n<link rel=\"canonical\" href=\"https:\/\/www.koulio.com\/hu\/\" \/>\n<meta property=\"og:locale\" content=\"hu_HU\" \/>\n<meta property=\"og:type\" content=\"article\" \/>\n<meta property=\"og:title\" content=\"KOULIO | Korl\u00e1toz\u00f3 gondolatok n\u00e9lk\u00fcli \u00f6r\u00f6mteli \u00e9let\" \/>\n<meta property=\"og:description\" content=\"A KOULIO egy olyan m\u00f3dszerrel ismerteti meg, amely seg\u00edt a mindennapi \u00e9letben nemcsak \u00d6nnek, hanem a gyerekeinek \u00e9s a csal\u00e1dj\u00e1nak egyar\u00e1nt. \u00c9ljen \u00f6n\u00e9rt\u00e9kel\u00e9s \u00e9s m\u00e1sok b\u00edr\u00e1lata n\u00e9lk\u00fcli \u00e9letet. \u00c9ljen \u00f6n\u00e9rt\u00e9kel\u00e9s \u00e9s m\u00e1sok b\u00edr\u00e1lata n\u00e9lk\u00fcli \u00e9letet.\" \/>\n<meta property=\"og:url\" content=\"https:\/\/www.koulio.com\/hu\/\" \/>\n<meta property=\"og:site_name\" content=\"KOULIO\" \/>\n<meta property=\"article:modified_time\" content=\"2023-11-07T18:38:55+00:00\" \/>\n<meta property=\"og:image\" content=\"https:\/\/www.koulio.com\/wp-content\/uploads\/2023\/08\/koulio-og-image-1024x576.png\" \/>\n<meta name=\"twitter:card\" content=\"summary_large_image\" \/>\n<meta name=\"twitter:title\" content=\"KOULIO | Korl\u00e1toz\u00f3 gondolatok n\u00e9lk\u00fcli \u00f6r\u00f6mteli \u00e9let\" \/>\n<meta name=\"twitter:description\" content=\"A KOULIO egy olyan m\u00f3dszerrel ismerteti meg, amely seg\u00edt a mindennapi \u00e9letben nemcsak \u00d6nnek, hanem a gyerekeinek \u00e9s a csal\u00e1dj\u00e1nak egyar\u00e1nt. \u00c9ljen \u00f6n\u00e9rt\u00e9kel\u00e9s \u00e9s m\u00e1sok b\u00edr\u00e1lata n\u00e9lk\u00fcli \u00e9letet. \u00c9ljen \u00f6n\u00e9rt\u00e9kel\u00e9s \u00e9s m\u00e1sok b\u00edr\u00e1lata n\u00e9lk\u00fcli \u00e9letet.\" \/>\n<meta name=\"twitter:image\" content=\"https:\/\/www.koulio.com\/wp-content\/uploads\/2023\/08\/koulio-og-image-1024x576.png\" \/>\n<meta name=\"twitter:label1\" content=\"Becs\u00fclt olvas\u00e1si id\u0151\" \/>\n\t<meta name=\"twitter:data1\" content=\"2 perc\" \/>\n<script type=\"application\/ld+json\" class=\"yoast-schema-graph\">{\"@context\":\"https:\/\/schema.org\",\"@graph\":[{\"@type\":\"WebPage\",\"@id\":\"https:\/\/www.koulio.com\/hu\/\",\"url\":\"https:\/\/www.koulio.com\/hu\/\",\"name\":\"KOULIO | Korl\u00e1toz\u00f3 gondolatok n\u00e9lk\u00fcli \u00f6r\u00f6mteli \u00e9let\",\"isPartOf\":{\"@id\":\"https:\/\/www.koulio.com\/hu\/#website\"},\"primaryImageOfPage\":{\"@id\":\"https:\/\/www.koulio.com\/hu\/#primaryimage\"},\"image\":{\"@id\":\"https:\/\/www.koulio.com\/hu\/#primaryimage\"},\"thumbnailUrl\":\"https:\/\/www.koulio.com\/wp-content\/uploads\/2023\/08\/stromecek_koulio.png\",\"datePublished\":\"2023-06-28T13:06:28+00:00\",\"dateModified\":\"2023-11-07T18:38:55+00:00\",\"description\":\"A KOULIO egy olyan m\u00f3dszerrel ismerteti meg, amely seg\u00edt a mindennapi \u00e9letben nemcsak \u00d6nnek, hanem a gyerekeinek \u00e9s a csal\u00e1dj\u00e1nak egyar\u00e1nt. \u00c9ljen \u00f6n\u00e9rt\u00e9kel\u00e9s \u00e9s m\u00e1sok b\u00edr\u00e1lata n\u00e9lk\u00fcli \u00e9letet. \u00c9ljen \u00f6n\u00e9rt\u00e9kel\u00e9s \u00e9s m\u00e1sok b\u00edr\u00e1lata n\u00e9lk\u00fcli \u00e9letet.\",\"breadcrumb\":{\"@id\":\"https:\/\/www.koulio.com\/hu\/#breadcrumb\"},\"inLanguage\":\"hu\",\"potentialAction\":[{\"@type\":\"ReadAction\",\"target\":[\"https:\/\/www.koulio.com\/hu\/\"]}]},{\"@type\":\"ImageObject\",\"inLanguage\":\"hu\",\"@id\":\"https:\/\/www.koulio.com\/hu\/#primaryimage\",\"url\":\"https:\/\/www.koulio.com\/wp-content\/uploads\/2023\/08\/stromecek_koulio.png\",\"contentUrl\":\"https:\/\/www.koulio.com\/wp-content\/uploads\/2023\/08\/stromecek_koulio.png\"},{\"@type\":\"BreadcrumbList\",\"@id\":\"https:\/\/www.koulio.com\/hu\/#breadcrumb\",\"itemListElement\":[{\"@type\":\"ListItem\",\"position\":1,\"name\":\"Home\",\"item\":\"https:\/\/www.koulio.com\/hu\/home\/\"},{\"@type\":\"ListItem\",\"position\":2,\"name\":\"Home\"}]},{\"@type\":\"WebSite\",\"@id\":\"https:\/\/www.koulio.com\/hu\/#website\",\"url\":\"https:\/\/www.koulio.com\/hu\/\",\"name\":\"Koulio - Naplno \u017e\u00edt bez omezuj\u00edc\u00edch my\u0161lenek\",\"description\":\"Koulio je metoda, d\u00edky kter\u00e9 skute\u010dn\u011b pozn\u00e1te sami sebe a objev\u00edte svoji jedine\u010dnou origin\u00e1ln\u00ed podstatu.\",\"publisher\":{\"@id\":\"https:\/\/www.koulio.com\/hu\/#organization\"},\"alternateName\":\"Koulio\",\"potentialAction\":[{\"@type\":\"SearchAction\",\"target\":{\"@type\":\"EntryPoint\",\"urlTemplate\":\"https:\/\/www.koulio.com\/hu\/?s={search_term_string}\"},\"query-input\":{\"@type\":\"PropertyValueSpecification\",\"valueRequired\":true,\"valueName\":\"search_term_string\"}}],\"inLanguage\":\"hu\"},{\"@type\":\"Organization\",\"@id\":\"https:\/\/www.koulio.com\/hu\/#organization\",\"name\":\"KOULIO World s.r.o.\",\"alternateName\":\"KOULIO\",\"url\":\"https:\/\/www.koulio.com\/hu\/\",\"logo\":{\"@type\":\"ImageObject\",\"inLanguage\":\"hu\",\"@id\":\"https:\/\/www.koulio.com\/hu\/#\/schema\/logo\/image\/\",\"url\":\"https:\/\/www.koulio.com\/wp-content\/uploads\/2023\/08\/KOULIO_logotyp_final.png\",\"contentUrl\":\"https:\/\/www.koulio.com\/wp-content\/uploads\/2023\/08\/KOULIO_logotyp_final.png\",\"width\":1269,\"height\":379,\"caption\":\"KOULIO World s.r.o.\"},\"image\":{\"@id\":\"https:\/\/www.koulio.com\/hu\/#\/schema\/logo\/image\/\"}}]}<\/script>\n<!-- \/ Yoast SEO plugin. -->","yoast_head_json":{"title":"KOULIO | Korl\u00e1toz\u00f3 gondolatok n\u00e9lk\u00fcli \u00f6r\u00f6mteli \u00e9let","description":"A KOULIO egy olyan m\u00f3dszerrel ismerteti meg, amely seg\u00edt a mindennapi \u00e9letben nemcsak \u00d6nnek, hanem a gyerekeinek \u00e9s a csal\u00e1dj\u00e1nak egyar\u00e1nt. \u00c9ljen \u00f6n\u00e9rt\u00e9kel\u00e9s \u00e9s m\u00e1sok b\u00edr\u00e1lata n\u00e9lk\u00fcli \u00e9letet. \u00c9ljen \u00f6n\u00e9rt\u00e9kel\u00e9s \u00e9s m\u00e1sok b\u00edr\u00e1lata n\u00e9lk\u00fcli \u00e9letet.","robots":{"index":"index","follow":"follow","max-snippet":"max-snippet:-1","max-image-preview":"max-image-preview:large","max-video-preview":"max-video-preview:-1"},"canonical":"https:\/\/www.koulio.com\/hu\/","og_locale":"hu_HU","og_type":"article","og_title":"KOULIO | Korl\u00e1toz\u00f3 gondolatok n\u00e9lk\u00fcli \u00f6r\u00f6mteli \u00e9let","og_description":"A KOULIO egy olyan m\u00f3dszerrel ismerteti meg, amely seg\u00edt a mindennapi \u00e9letben nemcsak \u00d6nnek, hanem a gyerekeinek \u00e9s a csal\u00e1dj\u00e1nak egyar\u00e1nt. \u00c9ljen \u00f6n\u00e9rt\u00e9kel\u00e9s \u00e9s m\u00e1sok b\u00edr\u00e1lata n\u00e9lk\u00fcli \u00e9letet. \u00c9ljen \u00f6n\u00e9rt\u00e9kel\u00e9s \u00e9s m\u00e1sok b\u00edr\u00e1lata n\u00e9lk\u00fcli \u00e9letet.","og_url":"https:\/\/www.koulio.com\/hu\/","og_site_name":"KOULIO","article_modified_time":"2023-11-07T18:38:55+00:00","og_image":[{"url":"https:\/\/www.koulio.com\/wp-content\/uploads\/2023\/08\/koulio-og-image-1024x576.png","type":"","width":"","height":""}],"twitter_card":"summary_large_image","twitter_title":"KOULIO | Korl\u00e1toz\u00f3 gondolatok n\u00e9lk\u00fcli \u00f6r\u00f6mteli \u00e9let","twitter_description":"A KOULIO egy olyan m\u00f3dszerrel ismerteti meg, amely seg\u00edt a mindennapi \u00e9letben nemcsak \u00d6nnek, hanem a gyerekeinek \u00e9s a csal\u00e1dj\u00e1nak egyar\u00e1nt. \u00c9ljen \u00f6n\u00e9rt\u00e9kel\u00e9s \u00e9s m\u00e1sok b\u00edr\u00e1lata n\u00e9lk\u00fcli \u00e9letet. \u00c9ljen \u00f6n\u00e9rt\u00e9kel\u00e9s \u00e9s m\u00e1sok b\u00edr\u00e1lata n\u00e9lk\u00fcli \u00e9letet.","twitter_image":"https:\/\/www.koulio.com\/wp-content\/uploads\/2023\/08\/koulio-og-image-1024x576.png","twitter_misc":{"Becs\u00fclt olvas\u00e1si id\u0151":"2 perc"},"schema":{"@context":"https:\/\/schema.org","@graph":[{"@type":"WebPage","@id":"https:\/\/www.koulio.com\/hu\/","url":"https:\/\/www.koulio.com\/hu\/","name":"KOULIO | Korl\u00e1toz\u00f3 gondolatok n\u00e9lk\u00fcli \u00f6r\u00f6mteli \u00e9let","isPartOf":{"@id":"https:\/\/www.koulio.com\/hu\/#website"},"primaryImageOfPage":{"@id":"https:\/\/www.koulio.com\/hu\/#primaryimage"},"image":{"@id":"https:\/\/www.koulio.com\/hu\/#primaryimage"},"thumbnailUrl":"https:\/\/www.koulio.com\/wp-content\/uploads\/2023\/08\/stromecek_koulio.png","datePublished":"2023-06-28T13:06:28+00:00","dateModified":"2023-11-07T18:38:55+00:00","description":"A KOULIO egy olyan m\u00f3dszerrel ismerteti meg, amely seg\u00edt a mindennapi \u00e9letben nemcsak \u00d6nnek, hanem a gyerekeinek \u00e9s a csal\u00e1dj\u00e1nak egyar\u00e1nt. \u00c9ljen \u00f6n\u00e9rt\u00e9kel\u00e9s \u00e9s m\u00e1sok b\u00edr\u00e1lata n\u00e9lk\u00fcli \u00e9letet. \u00c9ljen \u00f6n\u00e9rt\u00e9kel\u00e9s \u00e9s m\u00e1sok b\u00edr\u00e1lata n\u00e9lk\u00fcli \u00e9letet.","breadcrumb":{"@id":"https:\/\/www.koulio.com\/hu\/#breadcrumb"},"inLanguage":"hu","potentialAction":[{"@type":"ReadAction","target":["https:\/\/www.koulio.com\/hu\/"]}]},{"@type":"ImageObject","inLanguage":"hu","@id":"https:\/\/www.koulio.com\/hu\/#primaryimage","url":"https:\/\/www.koulio.com\/wp-content\/uploads\/2023\/08\/stromecek_koulio.png","contentUrl":"https:\/\/www.koulio.com\/wp-content\/uploads\/2023\/08\/stromecek_koulio.png"},{"@type":"BreadcrumbList","@id":"https:\/\/www.koulio.com\/hu\/#breadcrumb","itemListElement":[{"@type":"ListItem","position":1,"name":"Home","item":"https:\/\/www.koulio.com\/hu\/home\/"},{"@type":"ListItem","position":2,"name":"Home"}]},{"@type":"WebSite","@id":"https:\/\/www.koulio.com\/hu\/#website","url":"https:\/\/www.koulio.com\/hu\/","name":"Koulio - Naplno \u017e\u00edt bez omezuj\u00edc\u00edch my\u0161lenek","description":"Koulio je metoda, d\u00edky kter\u00e9 skute\u010dn\u011b pozn\u00e1te sami sebe a objev\u00edte svoji jedine\u010dnou origin\u00e1ln\u00ed podstatu.","publisher":{"@id":"https:\/\/www.koulio.com\/hu\/#organization"},"alternateName":"Koulio","potentialAction":[{"@type":"SearchAction","target":{"@type":"EntryPoint","urlTemplate":"https:\/\/www.koulio.com\/hu\/?s={search_term_string}"},"query-input":{"@type":"PropertyValueSpecification","valueRequired":true,"valueName":"search_term_string"}}],"inLanguage":"hu"},{"@type":"Organization","@id":"https:\/\/www.koulio.com\/hu\/#organization","name":"KOULIO World s.r.o.","alternateName":"KOULIO","url":"https:\/\/www.koulio.com\/hu\/","logo":{"@type":"ImageObject","inLanguage":"hu","@id":"https:\/\/www.koulio.com\/hu\/#\/schema\/logo\/image\/","url":"https:\/\/www.koulio.com\/wp-content\/uploads\/2023\/08\/KOULIO_logotyp_final.png","contentUrl":"https:\/\/www.koulio.com\/wp-content\/uploads\/2023\/08\/KOULIO_logotyp_final.png","width":1269,"height":379,"caption":"KOULIO World s.r.o."},"image":{"@id":"https:\/\/www.koulio.com\/hu\/#\/schema\/logo\/image\/"}}]}},"_links":{"self":[{"href":"https:\/\/www.koulio.com\/hu\/wp-json\/wp\/v2\/pages\/768","targetHints":{"allow":["GET"]}}],"collection":[{"href":"https:\/\/www.koulio.com\/hu\/wp-json\/wp\/v2\/pages"}],"about":[{"href":"https:\/\/www.koulio.com\/hu\/wp-json\/wp\/v2\/types\/page"}],"author":[{"embeddable":true,"href":"https:\/\/www.koulio.com\/hu\/wp-json\/wp\/v2\/users\/1"}],"replies":[{"embeddable":true,"href":"https:\/\/www.koulio.com\/hu\/wp-json\/wp\/v2\/comments?post=768"}],"version-history":[{"count":0,"href":"https:\/\/www.koulio.com\/hu\/wp-json\/wp\/v2\/pages\/768\/revisions"}],"wp:attachment":[{"href":"https:\/\/www.koulio.com\/hu\/wp-json\/wp\/v2\/media?parent=768"}],"curies":[{"name":"wp","href":"https:\/\/api.w.org\/{rel}","templated":true}]}}