{"id":747,"date":"2023-06-30T14:13:21","date_gmt":"2023-06-30T12:13:21","guid":{"rendered":"https:\/\/www.koulio.com\/elerhetoseg\/"},"modified":"2023-08-09T12:02:51","modified_gmt":"2023-08-09T10:02:51","slug":"elerhetoseg","status":"publish","type":"page","link":"https:\/\/www.koulio.com\/hu\/elerhetoseg\/","title":{"rendered":"El\u00e9rhet\u0151s\u00e9g"},"content":{"rendered":"\n<h1 class=\"wp-block-heading\">H\u00cdVJON &#8211; \u00cdRJON<\/h1>\n\n<div style=\"height:70px\" aria-hidden=\"true\" class=\"wp-block-spacer\"><\/div>\n\n<div class=\"wp-block-media-text alignwide is-stacked-on-mobile\" style=\"grid-template-columns:25% auto\"><figure class=\"wp-block-media-text__media\"><img loading=\"lazy\" decoding=\"async\" width=\"282\" height=\"263\" src=\"https:\/\/www.koulio.com\/wp-content\/uploads\/2023\/06\/tree-cc-1.png\" alt=\"\" class=\"wp-image-247 size-full img-fluid\"\/><\/figure><div class=\"wp-block-media-text__content\">\n<p><\/p>\n\n\n\n<p class=\"has-medium-font-size\"><a href=\"mailto:info@koulio.com\">info@koulio.com<\/a><\/p>\n\n\n\n<p class=\"has-medium-font-size\"><a href=\"phone:+420603425717\">+420 603 425 717<\/a><\/p>\n\n\n\n<p class=\"has-medium-font-size\"><strong>KOULIO WORLD s.r.o.<\/strong><\/p>\n<\/div><\/div>\n","protected":false},"excerpt":{"rendered":"<p>H\u00cdVJON &#8211; \u00cdRJON info@koulio.com +420 603 425 717 KOULIO WORLD s.r.o.<\/p>\n","protected":false},"author":1,"featured_media":0,"parent":0,"menu_order":0,"comment_status":"closed","ping_status":"open","template":"","meta":{"_acf_changed":false,"_themeisle_gutenberg_block_has_review":false,"footnotes":""},"class_list":["post-747","page","type-page","status-publish","hentry","no-thumbnail"],"acf":[],"yoast_head":"<!-- This site is optimized with the Yoast SEO plugin v24.5 - https:\/\/yoast.com\/wordpress\/plugins\/seo\/ -->\n<title>El\u00e9rhet\u0151s\u00e9g - KOULIO<\/title>\n<meta name=\"description\" content=\"KOULIO v\u00e1s nau\u010d\u00ed metodu, kter\u00e1 pom\u016f\u017ee v ka\u017edodenn\u00edm \u017eivot\u011b nejen v\u00e1m ale i va\u0161im d\u011btem a rodin\u011b. Za\u017eijte \u017eivot bez hodnocen\u00ed sebe a druh\u00fdch.\" \/>\n<meta name=\"robots\" content=\"index, follow, max-snippet:-1, max-image-preview:large, max-video-preview:-1\" \/>\n<link rel=\"canonical\" href=\"https:\/\/www.koulio.com\/hu\/elerhetoseg\/\" \/>\n<meta property=\"og:locale\" content=\"hu_HU\" \/>\n<meta property=\"og:type\" content=\"article\" \/>\n<meta property=\"og:title\" content=\"El\u00e9rhet\u0151s\u00e9g - KOULIO\" \/>\n<meta property=\"og:description\" content=\"KOULIO v\u00e1s nau\u010d\u00ed metodu, kter\u00e1 pom\u016f\u017ee v ka\u017edodenn\u00edm \u017eivot\u011b nejen v\u00e1m ale i va\u0161im d\u011btem a rodin\u011b. Za\u017eijte \u017eivot bez hodnocen\u00ed sebe a druh\u00fdch.\" \/>\n<meta property=\"og:url\" content=\"https:\/\/www.koulio.com\/hu\/elerhetoseg\/\" \/>\n<meta property=\"og:site_name\" content=\"KOULIO\" \/>\n<meta property=\"article:modified_time\" content=\"2023-08-09T10:02:51+00:00\" \/>\n<meta property=\"og:image\" content=\"https:\/\/www.koulio.com\/wp-content\/uploads\/2023\/06\/tree-cc-1.png\" \/>\n<meta name=\"twitter:card\" content=\"summary_large_image\" \/>\n<script type=\"application\/ld+json\" class=\"yoast-schema-graph\">{\"@context\":\"https:\/\/schema.org\",\"@graph\":[{\"@type\":\"WebPage\",\"@id\":\"https:\/\/www.koulio.com\/hu\/elerhetoseg\/\",\"url\":\"https:\/\/www.koulio.com\/hu\/elerhetoseg\/\",\"name\":\"El\u00e9rhet\u0151s\u00e9g - KOULIO\",\"isPartOf\":{\"@id\":\"https:\/\/www.koulio.com\/hu\/#website\"},\"primaryImageOfPage\":{\"@id\":\"https:\/\/www.koulio.com\/hu\/elerhetoseg\/#primaryimage\"},\"image\":{\"@id\":\"https:\/\/www.koulio.com\/hu\/elerhetoseg\/#primaryimage\"},\"thumbnailUrl\":\"https:\/\/www.koulio.com\/wp-content\/uploads\/2023\/06\/tree-cc-1.png\",\"datePublished\":\"2023-06-30T12:13:21+00:00\",\"dateModified\":\"2023-08-09T10:02:51+00:00\",\"description\":\"KOULIO v\u00e1s nau\u010d\u00ed metodu, kter\u00e1 pom\u016f\u017ee v ka\u017edodenn\u00edm \u017eivot\u011b nejen v\u00e1m ale i va\u0161im d\u011btem a rodin\u011b. Za\u017eijte \u017eivot bez hodnocen\u00ed sebe a druh\u00fdch.\",\"breadcrumb\":{\"@id\":\"https:\/\/www.koulio.com\/hu\/elerhetoseg\/#breadcrumb\"},\"inLanguage\":\"hu\",\"potentialAction\":[{\"@type\":\"ReadAction\",\"target\":[\"https:\/\/www.koulio.com\/hu\/elerhetoseg\/\"]}]},{\"@type\":\"ImageObject\",\"inLanguage\":\"hu\",\"@id\":\"https:\/\/www.koulio.com\/hu\/elerhetoseg\/#primaryimage\",\"url\":\"https:\/\/www.koulio.com\/wp-content\/uploads\/2023\/06\/tree-cc-1.png\",\"contentUrl\":\"https:\/\/www.koulio.com\/wp-content\/uploads\/2023\/06\/tree-cc-1.png\"},{\"@type\":\"BreadcrumbList\",\"@id\":\"https:\/\/www.koulio.com\/hu\/elerhetoseg\/#breadcrumb\",\"itemListElement\":[{\"@type\":\"ListItem\",\"position\":1,\"name\":\"Home\",\"item\":\"https:\/\/www.koulio.com\/hu\/home\/\"},{\"@type\":\"ListItem\",\"position\":2,\"name\":\"El\u00e9rhet\u0151s\u00e9g\"}]},{\"@type\":\"WebSite\",\"@id\":\"https:\/\/www.koulio.com\/hu\/#website\",\"url\":\"https:\/\/www.koulio.com\/hu\/\",\"name\":\"Koulio - Naplno \u017e\u00edt bez omezuj\u00edc\u00edch my\u0161lenek\",\"description\":\"Koulio je metoda, d\u00edky kter\u00e9 skute\u010dn\u011b pozn\u00e1te sami sebe a objev\u00edte svoji jedine\u010dnou origin\u00e1ln\u00ed podstatu.\",\"publisher\":{\"@id\":\"https:\/\/www.koulio.com\/hu\/#organization\"},\"alternateName\":\"Koulio\",\"potentialAction\":[{\"@type\":\"SearchAction\",\"target\":{\"@type\":\"EntryPoint\",\"urlTemplate\":\"https:\/\/www.koulio.com\/hu\/?s={search_term_string}\"},\"query-input\":{\"@type\":\"PropertyValueSpecification\",\"valueRequired\":true,\"valueName\":\"search_term_string\"}}],\"inLanguage\":\"hu\"},{\"@type\":\"Organization\",\"@id\":\"https:\/\/www.koulio.com\/hu\/#organization\",\"name\":\"KOULIO World s.r.o.\",\"alternateName\":\"KOULIO\",\"url\":\"https:\/\/www.koulio.com\/hu\/\",\"logo\":{\"@type\":\"ImageObject\",\"inLanguage\":\"hu\",\"@id\":\"https:\/\/www.koulio.com\/hu\/#\/schema\/logo\/image\/\",\"url\":\"https:\/\/www.koulio.com\/wp-content\/uploads\/2023\/08\/KOULIO_logotyp_final.png\",\"contentUrl\":\"https:\/\/www.koulio.com\/wp-content\/uploads\/2023\/08\/KOULIO_logotyp_final.png\",\"width\":1269,\"height\":379,\"caption\":\"KOULIO World s.r.o.\"},\"image\":{\"@id\":\"https:\/\/www.koulio.com\/hu\/#\/schema\/logo\/image\/\"}}]}<\/script>\n<!-- \/ Yoast SEO plugin. -->","yoast_head_json":{"title":"El\u00e9rhet\u0151s\u00e9g - KOULIO","description":"KOULIO v\u00e1s nau\u010d\u00ed metodu, kter\u00e1 pom\u016f\u017ee v ka\u017edodenn\u00edm \u017eivot\u011b nejen v\u00e1m ale i va\u0161im d\u011btem a rodin\u011b. Za\u017eijte \u017eivot bez hodnocen\u00ed sebe a druh\u00fdch.","robots":{"index":"index","follow":"follow","max-snippet":"max-snippet:-1","max-image-preview":"max-image-preview:large","max-video-preview":"max-video-preview:-1"},"canonical":"https:\/\/www.koulio.com\/hu\/elerhetoseg\/","og_locale":"hu_HU","og_type":"article","og_title":"El\u00e9rhet\u0151s\u00e9g - KOULIO","og_description":"KOULIO v\u00e1s nau\u010d\u00ed metodu, kter\u00e1 pom\u016f\u017ee v ka\u017edodenn\u00edm \u017eivot\u011b nejen v\u00e1m ale i va\u0161im d\u011btem a rodin\u011b. Za\u017eijte \u017eivot bez hodnocen\u00ed sebe a druh\u00fdch.","og_url":"https:\/\/www.koulio.com\/hu\/elerhetoseg\/","og_site_name":"KOULIO","article_modified_time":"2023-08-09T10:02:51+00:00","og_image":[{"url":"https:\/\/www.koulio.com\/wp-content\/uploads\/2023\/06\/tree-cc-1.png","type":"","width":"","height":""}],"twitter_card":"summary_large_image","schema":{"@context":"https:\/\/schema.org","@graph":[{"@type":"WebPage","@id":"https:\/\/www.koulio.com\/hu\/elerhetoseg\/","url":"https:\/\/www.koulio.com\/hu\/elerhetoseg\/","name":"El\u00e9rhet\u0151s\u00e9g - KOULIO","isPartOf":{"@id":"https:\/\/www.koulio.com\/hu\/#website"},"primaryImageOfPage":{"@id":"https:\/\/www.koulio.com\/hu\/elerhetoseg\/#primaryimage"},"image":{"@id":"https:\/\/www.koulio.com\/hu\/elerhetoseg\/#primaryimage"},"thumbnailUrl":"https:\/\/www.koulio.com\/wp-content\/uploads\/2023\/06\/tree-cc-1.png","datePublished":"2023-06-30T12:13:21+00:00","dateModified":"2023-08-09T10:02:51+00:00","description":"KOULIO v\u00e1s nau\u010d\u00ed metodu, kter\u00e1 pom\u016f\u017ee v ka\u017edodenn\u00edm \u017eivot\u011b nejen v\u00e1m ale i va\u0161im d\u011btem a rodin\u011b. Za\u017eijte \u017eivot bez hodnocen\u00ed sebe a druh\u00fdch.","breadcrumb":{"@id":"https:\/\/www.koulio.com\/hu\/elerhetoseg\/#breadcrumb"},"inLanguage":"hu","potentialAction":[{"@type":"ReadAction","target":["https:\/\/www.koulio.com\/hu\/elerhetoseg\/"]}]},{"@type":"ImageObject","inLanguage":"hu","@id":"https:\/\/www.koulio.com\/hu\/elerhetoseg\/#primaryimage","url":"https:\/\/www.koulio.com\/wp-content\/uploads\/2023\/06\/tree-cc-1.png","contentUrl":"https:\/\/www.koulio.com\/wp-content\/uploads\/2023\/06\/tree-cc-1.png"},{"@type":"BreadcrumbList","@id":"https:\/\/www.koulio.com\/hu\/elerhetoseg\/#breadcrumb","itemListElement":[{"@type":"ListItem","position":1,"name":"Home","item":"https:\/\/www.koulio.com\/hu\/home\/"},{"@type":"ListItem","position":2,"name":"El\u00e9rhet\u0151s\u00e9g"}]},{"@type":"WebSite","@id":"https:\/\/www.koulio.com\/hu\/#website","url":"https:\/\/www.koulio.com\/hu\/","name":"Koulio - Naplno \u017e\u00edt bez omezuj\u00edc\u00edch my\u0161lenek","description":"Koulio je metoda, d\u00edky kter\u00e9 skute\u010dn\u011b pozn\u00e1te sami sebe a objev\u00edte svoji jedine\u010dnou origin\u00e1ln\u00ed podstatu.","publisher":{"@id":"https:\/\/www.koulio.com\/hu\/#organization"},"alternateName":"Koulio","potentialAction":[{"@type":"SearchAction","target":{"@type":"EntryPoint","urlTemplate":"https:\/\/www.koulio.com\/hu\/?s={search_term_string}"},"query-input":{"@type":"PropertyValueSpecification","valueRequired":true,"valueName":"search_term_string"}}],"inLanguage":"hu"},{"@type":"Organization","@id":"https:\/\/www.koulio.com\/hu\/#organization","name":"KOULIO World s.r.o.","alternateName":"KOULIO","url":"https:\/\/www.koulio.com\/hu\/","logo":{"@type":"ImageObject","inLanguage":"hu","@id":"https:\/\/www.koulio.com\/hu\/#\/schema\/logo\/image\/","url":"https:\/\/www.koulio.com\/wp-content\/uploads\/2023\/08\/KOULIO_logotyp_final.png","contentUrl":"https:\/\/www.koulio.com\/wp-content\/uploads\/2023\/08\/KOULIO_logotyp_final.png","width":1269,"height":379,"caption":"KOULIO World s.r.o."},"image":{"@id":"https:\/\/www.koulio.com\/hu\/#\/schema\/logo\/image\/"}}]}},"_links":{"self":[{"href":"https:\/\/www.koulio.com\/hu\/wp-json\/wp\/v2\/pages\/747","targetHints":{"allow":["GET"]}}],"collection":[{"href":"https:\/\/www.koulio.com\/hu\/wp-json\/wp\/v2\/pages"}],"about":[{"href":"https:\/\/www.koulio.com\/hu\/wp-json\/wp\/v2\/types\/page"}],"author":[{"embeddable":true,"href":"https:\/\/www.koulio.com\/hu\/wp-json\/wp\/v2\/users\/1"}],"replies":[{"embeddable":true,"href":"https:\/\/www.koulio.com\/hu\/wp-json\/wp\/v2\/comments?post=747"}],"version-history":[{"count":0,"href":"https:\/\/www.koulio.com\/hu\/wp-json\/wp\/v2\/pages\/747\/revisions"}],"wp:attachment":[{"href":"https:\/\/www.koulio.com\/hu\/wp-json\/wp\/v2\/media?parent=747"}],"curies":[{"name":"wp","href":"https:\/\/api.w.org\/{rel}","templated":true}]}}