{"id":743,"date":"2023-06-30T17:03:17","date_gmt":"2023-06-30T15:03:17","guid":{"rendered":"https:\/\/www.koulio.com\/koulio-csapat\/"},"modified":"2024-06-20T17:08:56","modified_gmt":"2024-06-20T15:08:56","slug":"koulio-csapat","status":"publish","type":"page","link":"https:\/\/www.koulio.com\/hu\/koulio-csapat\/","title":{"rendered":"KOULIO csapat"},"content":{"rendered":"","protected":false},"excerpt":{"rendered":"","protected":false},"author":1,"featured_media":0,"parent":0,"menu_order":0,"comment_status":"closed","ping_status":"closed","template":"","meta":{"_acf_changed":false,"_themeisle_gutenberg_block_has_review":false,"footnotes":""},"class_list":["post-743","page","type-page","status-publish","hentry","no-thumbnail"],"acf":[],"yoast_head":"<!-- This site is optimized with the Yoast SEO plugin v24.5 - https:\/\/yoast.com\/wordpress\/plugins\/seo\/ -->\n<title>KOULIO csapat - KOULIO<\/title>\n<meta name=\"description\" content=\"KOULIO v\u00e1s nau\u010d\u00ed metodu, kter\u00e1 pom\u016f\u017ee v ka\u017edodenn\u00edm \u017eivot\u011b nejen v\u00e1m ale i va\u0161im d\u011btem a rodin\u011b. Za\u017eijte \u017eivot bez hodnocen\u00ed sebe a druh\u00fdch.\" \/>\n<meta name=\"robots\" content=\"index, follow, max-snippet:-1, max-image-preview:large, max-video-preview:-1\" \/>\n<link rel=\"canonical\" href=\"https:\/\/www.koulio.com\/hu\/koulio-csapat\/\" \/>\n<meta property=\"og:locale\" content=\"hu_HU\" \/>\n<meta property=\"og:type\" content=\"article\" \/>\n<meta property=\"og:title\" content=\"KOULIO csapat - KOULIO\" \/>\n<meta property=\"og:description\" content=\"KOULIO v\u00e1s nau\u010d\u00ed metodu, kter\u00e1 pom\u016f\u017ee v ka\u017edodenn\u00edm \u017eivot\u011b nejen v\u00e1m ale i va\u0161im d\u011btem a rodin\u011b. Za\u017eijte \u017eivot bez hodnocen\u00ed sebe a druh\u00fdch.\" \/>\n<meta property=\"og:url\" content=\"https:\/\/www.koulio.com\/hu\/koulio-csapat\/\" \/>\n<meta property=\"og:site_name\" content=\"KOULIO\" \/>\n<meta property=\"article:modified_time\" content=\"2024-06-20T15:08:56+00:00\" \/>\n<meta property=\"og:image\" content=\"https:\/\/www.koulio.com\/wp-content\/uploads\/2023\/08\/koulio-og-image.png\" \/>\n\t<meta property=\"og:image:width\" content=\"1200\" \/>\n\t<meta property=\"og:image:height\" content=\"675\" \/>\n\t<meta property=\"og:image:type\" content=\"image\/png\" \/>\n<meta name=\"twitter:card\" content=\"summary_large_image\" \/>\n<meta name=\"twitter:label1\" content=\"Becs\u00fclt olvas\u00e1si id\u0151\" \/>\n\t<meta name=\"twitter:data1\" content=\"3 perc\" \/>\n<script type=\"application\/ld+json\" class=\"yoast-schema-graph\">{\"@context\":\"https:\/\/schema.org\",\"@graph\":[{\"@type\":\"WebPage\",\"@id\":\"https:\/\/www.koulio.com\/hu\/koulio-csapat\/\",\"url\":\"https:\/\/www.koulio.com\/hu\/koulio-csapat\/\",\"name\":\"KOULIO csapat - KOULIO\",\"isPartOf\":{\"@id\":\"https:\/\/www.koulio.com\/hu\/#website\"},\"datePublished\":\"2023-06-30T15:03:17+00:00\",\"dateModified\":\"2024-06-20T15:08:56+00:00\",\"description\":\"KOULIO v\u00e1s nau\u010d\u00ed metodu, kter\u00e1 pom\u016f\u017ee v ka\u017edodenn\u00edm \u017eivot\u011b nejen v\u00e1m ale i va\u0161im d\u011btem a rodin\u011b. Za\u017eijte \u017eivot bez hodnocen\u00ed sebe a druh\u00fdch.\",\"breadcrumb\":{\"@id\":\"https:\/\/www.koulio.com\/hu\/koulio-csapat\/#breadcrumb\"},\"inLanguage\":\"hu\",\"potentialAction\":[{\"@type\":\"ReadAction\",\"target\":[\"https:\/\/www.koulio.com\/hu\/koulio-csapat\/\"]}]},{\"@type\":\"BreadcrumbList\",\"@id\":\"https:\/\/www.koulio.com\/hu\/koulio-csapat\/#breadcrumb\",\"itemListElement\":[{\"@type\":\"ListItem\",\"position\":1,\"name\":\"Home\",\"item\":\"https:\/\/www.koulio.com\/hu\/home\/\"},{\"@type\":\"ListItem\",\"position\":2,\"name\":\"KOULIO csapat\"}]},{\"@type\":\"WebSite\",\"@id\":\"https:\/\/www.koulio.com\/hu\/#website\",\"url\":\"https:\/\/www.koulio.com\/hu\/\",\"name\":\"Koulio - Naplno \u017e\u00edt bez omezuj\u00edc\u00edch my\u0161lenek\",\"description\":\"Koulio je metoda, d\u00edky kter\u00e9 skute\u010dn\u011b pozn\u00e1te sami sebe a objev\u00edte svoji jedine\u010dnou origin\u00e1ln\u00ed podstatu.\",\"publisher\":{\"@id\":\"https:\/\/www.koulio.com\/hu\/#organization\"},\"alternateName\":\"Koulio\",\"potentialAction\":[{\"@type\":\"SearchAction\",\"target\":{\"@type\":\"EntryPoint\",\"urlTemplate\":\"https:\/\/www.koulio.com\/hu\/?s={search_term_string}\"},\"query-input\":{\"@type\":\"PropertyValueSpecification\",\"valueRequired\":true,\"valueName\":\"search_term_string\"}}],\"inLanguage\":\"hu\"},{\"@type\":\"Organization\",\"@id\":\"https:\/\/www.koulio.com\/hu\/#organization\",\"name\":\"KOULIO World s.r.o.\",\"alternateName\":\"KOULIO\",\"url\":\"https:\/\/www.koulio.com\/hu\/\",\"logo\":{\"@type\":\"ImageObject\",\"inLanguage\":\"hu\",\"@id\":\"https:\/\/www.koulio.com\/hu\/#\/schema\/logo\/image\/\",\"url\":\"https:\/\/www.koulio.com\/wp-content\/uploads\/2023\/08\/KOULIO_logotyp_final.png\",\"contentUrl\":\"https:\/\/www.koulio.com\/wp-content\/uploads\/2023\/08\/KOULIO_logotyp_final.png\",\"width\":1269,\"height\":379,\"caption\":\"KOULIO World s.r.o.\"},\"image\":{\"@id\":\"https:\/\/www.koulio.com\/hu\/#\/schema\/logo\/image\/\"}}]}<\/script>\n<!-- \/ Yoast SEO plugin. -->","yoast_head_json":{"title":"KOULIO csapat - KOULIO","description":"KOULIO v\u00e1s nau\u010d\u00ed metodu, kter\u00e1 pom\u016f\u017ee v ka\u017edodenn\u00edm \u017eivot\u011b nejen v\u00e1m ale i va\u0161im d\u011btem a rodin\u011b. Za\u017eijte \u017eivot bez hodnocen\u00ed sebe a druh\u00fdch.","robots":{"index":"index","follow":"follow","max-snippet":"max-snippet:-1","max-image-preview":"max-image-preview:large","max-video-preview":"max-video-preview:-1"},"canonical":"https:\/\/www.koulio.com\/hu\/koulio-csapat\/","og_locale":"hu_HU","og_type":"article","og_title":"KOULIO csapat - KOULIO","og_description":"KOULIO v\u00e1s nau\u010d\u00ed metodu, kter\u00e1 pom\u016f\u017ee v ka\u017edodenn\u00edm \u017eivot\u011b nejen v\u00e1m ale i va\u0161im d\u011btem a rodin\u011b. Za\u017eijte \u017eivot bez hodnocen\u00ed sebe a druh\u00fdch.","og_url":"https:\/\/www.koulio.com\/hu\/koulio-csapat\/","og_site_name":"KOULIO","article_modified_time":"2024-06-20T15:08:56+00:00","og_image":[{"width":1200,"height":675,"url":"https:\/\/www.koulio.com\/wp-content\/uploads\/2023\/08\/koulio-og-image.png","type":"image\/png"}],"twitter_card":"summary_large_image","twitter_misc":{"Becs\u00fclt olvas\u00e1si id\u0151":"3 perc"},"schema":{"@context":"https:\/\/schema.org","@graph":[{"@type":"WebPage","@id":"https:\/\/www.koulio.com\/hu\/koulio-csapat\/","url":"https:\/\/www.koulio.com\/hu\/koulio-csapat\/","name":"KOULIO csapat - KOULIO","isPartOf":{"@id":"https:\/\/www.koulio.com\/hu\/#website"},"datePublished":"2023-06-30T15:03:17+00:00","dateModified":"2024-06-20T15:08:56+00:00","description":"KOULIO v\u00e1s nau\u010d\u00ed metodu, kter\u00e1 pom\u016f\u017ee v ka\u017edodenn\u00edm \u017eivot\u011b nejen v\u00e1m ale i va\u0161im d\u011btem a rodin\u011b. Za\u017eijte \u017eivot bez hodnocen\u00ed sebe a druh\u00fdch.","breadcrumb":{"@id":"https:\/\/www.koulio.com\/hu\/koulio-csapat\/#breadcrumb"},"inLanguage":"hu","potentialAction":[{"@type":"ReadAction","target":["https:\/\/www.koulio.com\/hu\/koulio-csapat\/"]}]},{"@type":"BreadcrumbList","@id":"https:\/\/www.koulio.com\/hu\/koulio-csapat\/#breadcrumb","itemListElement":[{"@type":"ListItem","position":1,"name":"Home","item":"https:\/\/www.koulio.com\/hu\/home\/"},{"@type":"ListItem","position":2,"name":"KOULIO csapat"}]},{"@type":"WebSite","@id":"https:\/\/www.koulio.com\/hu\/#website","url":"https:\/\/www.koulio.com\/hu\/","name":"Koulio - Naplno \u017e\u00edt bez omezuj\u00edc\u00edch my\u0161lenek","description":"Koulio je metoda, d\u00edky kter\u00e9 skute\u010dn\u011b pozn\u00e1te sami sebe a objev\u00edte svoji jedine\u010dnou origin\u00e1ln\u00ed podstatu.","publisher":{"@id":"https:\/\/www.koulio.com\/hu\/#organization"},"alternateName":"Koulio","potentialAction":[{"@type":"SearchAction","target":{"@type":"EntryPoint","urlTemplate":"https:\/\/www.koulio.com\/hu\/?s={search_term_string}"},"query-input":{"@type":"PropertyValueSpecification","valueRequired":true,"valueName":"search_term_string"}}],"inLanguage":"hu"},{"@type":"Organization","@id":"https:\/\/www.koulio.com\/hu\/#organization","name":"KOULIO World s.r.o.","alternateName":"KOULIO","url":"https:\/\/www.koulio.com\/hu\/","logo":{"@type":"ImageObject","inLanguage":"hu","@id":"https:\/\/www.koulio.com\/hu\/#\/schema\/logo\/image\/","url":"https:\/\/www.koulio.com\/wp-content\/uploads\/2023\/08\/KOULIO_logotyp_final.png","contentUrl":"https:\/\/www.koulio.com\/wp-content\/uploads\/2023\/08\/KOULIO_logotyp_final.png","width":1269,"height":379,"caption":"KOULIO World s.r.o."},"image":{"@id":"https:\/\/www.koulio.com\/hu\/#\/schema\/logo\/image\/"}}]}},"_links":{"self":[{"href":"https:\/\/www.koulio.com\/hu\/wp-json\/wp\/v2\/pages\/743","targetHints":{"allow":["GET"]}}],"collection":[{"href":"https:\/\/www.koulio.com\/hu\/wp-json\/wp\/v2\/pages"}],"about":[{"href":"https:\/\/www.koulio.com\/hu\/wp-json\/wp\/v2\/types\/page"}],"author":[{"embeddable":true,"href":"https:\/\/www.koulio.com\/hu\/wp-json\/wp\/v2\/users\/1"}],"replies":[{"embeddable":true,"href":"https:\/\/www.koulio.com\/hu\/wp-json\/wp\/v2\/comments?post=743"}],"version-history":[{"count":5,"href":"https:\/\/www.koulio.com\/hu\/wp-json\/wp\/v2\/pages\/743\/revisions"}],"predecessor-version":[{"id":1566,"href":"https:\/\/www.koulio.com\/hu\/wp-json\/wp\/v2\/pages\/743\/revisions\/1566"}],"wp:attachment":[{"href":"https:\/\/www.koulio.com\/hu\/wp-json\/wp\/v2\/media?parent=743"}],"curies":[{"name":"wp","href":"https:\/\/api.w.org\/{rel}","templated":true}]}}