{"id":735,"date":"2023-06-30T14:56:18","date_gmt":"2023-06-30T12:56:18","guid":{"rendered":"https:\/\/www.koulio.com\/mi-a-koulio\/"},"modified":"2023-08-09T10:43:51","modified_gmt":"2023-08-09T08:43:51","slug":"mi-a-koulio","status":"publish","type":"page","link":"https:\/\/www.koulio.com\/hu\/mi-a-koulio\/","title":{"rendered":"Mi a KOULIO"},"content":{"rendered":"\n<h1 class=\"wp-block-heading\">Mi a KOULIO<\/h1>\n\n<p>A Koulio egy olyan m\u00f3dszer, amelynek k\u00f6sz\u00f6nhet\u0151en val\u00f3ban megismeri saj\u00e1t mag\u00e1t \u00e9s megtal\u00e1lja az egyed\u00fcl\u00e1ll\u00f3 eredeti l\u00e9nyeg\u00e9t. <\/p>\n\n<p>Gyakran el\u0151fordul, hogy a k\u00f6rnyezetb\u0151l, a sz\u00fcl\u0151kt\u0151l, bar\u00e1tokt\u00f3l, tan\u00e1rokt\u00f3l, a sajt\u00f3b\u00f3l \u00e9s k\u00f6z\u00f6ss\u00e9gi m\u00e9di\u00e1kb\u00f3l, de m\u00e9g saj\u00e1t mag\u00e1t\u00f3l is elfogadunk olyan n\u00e9zeteket, amelyek befoly\u00e1solj\u00e1k az \u00e9let\u00fcnket. Mindez elferd\u00edti a k\u00f6rnyez\u0151 vil\u00e1g \u00e9s a saj\u00e1t magunk \u00e9rt\u00e9kel\u00e9s\u00e9t. Tudatosan \u00e9s akaratlanul is. Az \u00f6sszes program be\u00edr\u00f3dik a tudatalattinkba. <\/p>\n\n<div style=\"height:37px\" aria-hidden=\"true\" class=\"wp-block-spacer\"><\/div>\n<div class=\"wp-block-image\">\n<figure class=\"aligncenter size-large is-resized\"><img loading=\"lazy\" decoding=\"async\" src=\"https:\/\/www.koulio.com\/wp-content\/uploads\/2023\/06\/Koulio.com-Koulio-stromek-1024x616.png\" alt=\"\" class=\"wp-image-150 img-fluid\" width=\"612\" height=\"368\" srcset=\"https:\/\/www.koulio.com\/wp-content\/uploads\/2023\/06\/Koulio.com-Koulio-stromek-1024x616.png 1024w, https:\/\/www.koulio.com\/wp-content\/uploads\/2023\/06\/Koulio.com-Koulio-stromek-300x181.png 300w, https:\/\/www.koulio.com\/wp-content\/uploads\/2023\/06\/Koulio.com-Koulio-stromek-768x462.png 768w, https:\/\/www.koulio.com\/wp-content\/uploads\/2023\/06\/Koulio.com-Koulio-stromek-731x440.png 731w, https:\/\/www.koulio.com\/wp-content\/uploads\/2023\/06\/Koulio.com-Koulio-stromek.png 1098w\" sizes=\"auto, (max-width: 612px) 100vw, 612px\" \/><\/figure><\/div>\n<div style=\"height:37px\" aria-hidden=\"true\" class=\"wp-block-spacer\"><\/div>\n\n<h2 class=\"wp-block-heading\">Hogyan m\u0171k\u0151dik a tudatalatti<\/h2>\n\n<p>A tudatalatti \u00e1ltal\u00e1ban az emberi tudat azon r\u00e9szek\u00e9nt \u00e9rtend\u0151, amely nincs tudatos kontroll alatt. M\u00edg a tudat a pillanatnyi gondolatokkal, \u00e9rz\u00e9sekkel \u00e9s benyom\u00e1sokkal foglalkozik, a tudatalatti a h\u00e1tt\u00e9rben dolgozik, \u00e9s akaratunkt\u00f3l f\u00fcggetlen\u00fcl befoly\u00e1solja a viselked\u00e9s\u00fcnket, \u00e9rzelmeinket \u00e9s d\u00f6nt\u00e9seinket. <\/p>\n\n<p>A tudatalatti k\u00fcl\u00f6nb\u00f6z\u0151 folyamatokb\u00f3l tev\u0151dik \u00f6ssze, ilyen p\u00e9ld\u00e1ul az \u00e9rz\u00e9ki behat\u00e1sokb\u00f3l szerzett inform\u00e1ci\u00f3k automatikus feldolgoz\u00e1sa, az eml\u00e9kek, em\u00f3ci\u00f3k \u00e9s \u00f6szt\u00f6n\u00f6k t\u00e1rol\u00e1sa \u00e9s feldolgoz\u00e1sa, valamint a testfunkci\u00f3k \u2013 l\u00e9gz\u00e9s, sz\u00edvver\u00e9s \u2013 ir\u00e1ny\u00edt\u00e1sa. <\/p>\n\n<p>A tudatalatti fontos szerepet j\u00e1tszik a szok\u00e1sok \u00e9s viselked\u00e9si k\u00e9pletek kialakul\u00e1s\u00e1ban. P\u00e9ld\u00e1ul amikor valamit megtanulunk, vegy\u00fck p\u00e9ld\u00e1ul a ker\u00e9kp\u00e1roz\u00e1st, a tudatunk igyekszik megtanulni az \u00faj tev\u00e9kenys\u00e9get, de csak amikor azt kell\u0151k\u00e9ppen begyakoroltuk, akkor v\u00e1lik tudatalatti k\u00e9szs\u00e9gg\u00e9, amelyet tudatos gondolkod\u00e1s n\u00e9lk\u00fcl is el tudunk v\u00e9gezni. <\/p>\n\n<p>A tudatalatti befoly\u00e1solja a d\u00f6nt\u00e9seinket \u00e9s a viselked\u00e9s\u00fcnket, p\u00e9ld\u00e1ul az \u00e9rzelmeink, tapasztalatunk \u00e9s \u00f6szt\u00f6neink alapj\u00e1n. Fontos t\u00e9nyez\u0151t jelentenek ebben a m\u00faltban szerzett \u00e9s az eml\u00e9kezet\u00fcnkben t\u00e1rolt \u00e9lm\u00e9nyeink, amelyek automatikusan befoly\u00e1solj\u00e1k a gondolkod\u00e1sunkat \u00e9s a viselked\u00e9s\u00fcnket. <\/p>\n\n<p>\u00d6sszefoglalva elmondhat\u00f3, hogy a tudatalatti f\u0151 szerepet j\u00e1tszik a dolgok megl\u00e1t\u00e1s\u00e1ban, a viselked\u00e9s\u00fcnkben \u00e9s a d\u00f6nt\u00e9seinkben. <\/p>\n\n<p>A tudatalatti programokat \u00f6sszess\u00e9g\u00fckben \u00fagy jellemezhetj\u00fck, hogy ezek <strong>a g\u00f6mb\u00f6k<\/strong> a kar\u00e1csonyf\u00e1nkon. <\/p>\n\n<p>Ezeket a g\u00f6mb\u00f6ket az \u00e9let\u00fcnk sor\u00e1n felhalmozzuk, \u00e9s ez\u00e1ltal elvesz\u00edtj\u00fck az egyed\u00fcl\u00e1ll\u00f3s\u00e1gunkat. Mik\u00f6zben mindez a m\u00e1sok igazs\u00e1ga arr\u00f3l, hogy milyennek kell lenn\u00fcnk, mit kellene, \u00e9s nem kellene tenn\u00fcnk. A g\u00f6mbgy\u0171jt\u00e9snek sz\u00e1mos oka lehet. Gyerekkorban nem volt v\u00e1laszt\u00e1si lehet\u0151s\u00e9g\u00fcnk. A feln\u0151ttek n\u00e9zetei \u00e9s tettei k\u00f6zvetlen\u00fcl form\u00e1ltak benn\u00fcnket. Amit a nagyok mondtak, az ellen nem \u00e9lhett\u00fcnk \u00e9rvekkel. Hogy eleget tegy\u00fcnk m\u00e1sok elv\u00e1r\u00e1sainak, meggy\u0151zt\u00fck magunkat, hogy akkor lesz\u00fcnk t\u00f6k\u00e9letesek, ha egyetemi oklevelet szerz\u00fcnk, p\u00e9ld\u00e1s h\u00e1zass\u00e1gban \u00e9l\u00fcnk legal\u00e1bb k\u00e9t gyermekkel, boldognak mutatkozunk, l\u00e1t\u00e1st\u00f3l vakul\u00e1sig dolgozunk, nem panaszkodunk, \u00e9s nem l\u00f3gunk ki a sorb\u00f3l, stb. \u00cdgy azt\u00e1n a m\u00e1sok elv\u00e1r\u00e1sai teljes\u00edt\u00e9se sor\u00e1n teljesen elnyomtuk a saj\u00e1t \u00c9N-\u00fcnket.<\/p>\n\n<p>Amikor reggel belen\u00e9z a t\u00fck\u00f6rbe, tudja, hogy t\u00e9nyleg saj\u00e1t mag\u00e1t l\u00e1tja-e? Vagy a begy\u0171jt\u00f6tt g\u00f6mb\u00f6k alkotta szem\u00fcvegen kereszt\u00fcl n\u00e9z \u00e9s m\u00e1r nem is k\u00e9pes a val\u00f3di \u00f6nmag\u00e1t l\u00e1tni?<\/p>\n\n<p>Val\u00f3ban a saj\u00e1t \u00e9let\u00e9t \u00e9li a saj\u00e1t nev\u00e9ben, mint egy egyed\u00fcl\u00e1ll\u00f3 fa az erd\u0151ben, vagy egy g\u00f6mb\u00f6kkel agyond\u00edsz\u00edtett kar\u00e1csonyfak\u00e9nt teng\u0151dik?<\/p>\n\n<h2 class=\"wp-block-heading\">MI A GOLY\u00d3TLAN\u00cdT\u00c1S<\/h2>\n\n<p><\/p>\n\n<p>Amennyiben meg\u00e1llap\u00edtotta, hogy kar\u00e1csonyfak\u00e9nt \u00e9li az \u00e9let\u00e9t, akkor itt van az \u00d6n sz\u00e1m\u00e1ra a megfelel\u0151 KOULIO m\u00f3dszer. Soha nem vesz\u00fcnk ki \u00d6nb\u0151l \u2013 a tiszta fa-l\u00e9nyeg\u00e9b\u0151l \u2013 semmit. Megtan\u00edtjuk mindenre, ami ahhoz sz\u00fcks\u00e9ges, hogy saj\u00e1t maga legyen k\u00e9pes kikapcsolni az \u00f6sszes tudatalatti g\u00f6mb form\u00e1j\u00fa programot. Mindig csak a kar\u00e1csonyf\u00e1j\u00e1val fog dolgozni, hogy az \u00d6nben tal\u00e1lhat\u00f3 fa \u00e9rv\u00e9nyes\u00fclj\u00f6n \u00e9s szabadon, korl\u00e1toz\u00e1sok n\u00e9lk\u00fcl \u00e9lhessen. A fa val\u00f3di l\u00e9nyege a g\u00f6mb\u00f6k alatt rejt\u0151zik.<\/p>\n\n<p>A GOLY\u00d3TLAN\u00cdT\u00c1S az a folyamat, amikor felismeri a saj\u00e1t g\u00f6mbjeit, majd azokkal dolgozik. A g\u00f6mb\u00f6k sz\u00e1ma nagy \u00e9s meghat\u00e1rozz\u00e1k az \u00e9let\u00e9t. Hordozz\u00e1k mindannak a k\u00e9zjegy\u00e9t, ami a m\u00faltban \u2013 a sz\u00fclet\u00e9s\u00e9t\u0151l m\u00e1ig \u2013 \u00d6nnel t\u00f6rt\u00e9nt.<\/p>\n\n<p>A Koulio m\u00f3dszer megtan\u00edtja arra, hogy hogyan tudja a korl\u00e1toz\u00f3 dolgokat egyszer\u0171en, gyorsan, hat\u00e9konyan \u00e9s v\u00e9glegesen elengedni.<\/p>\n","protected":false},"excerpt":{"rendered":"<p>Mi a KOULIO A Koulio egy olyan m\u00f3dszer, amelynek k\u00f6sz\u00f6nhet\u0151en val\u00f3ban megismeri saj\u00e1t mag\u00e1t \u00e9s megtal\u00e1lja&#8230;<\/p>\n","protected":false},"author":1,"featured_media":0,"parent":0,"menu_order":0,"comment_status":"closed","ping_status":"closed","template":"","meta":{"_acf_changed":false,"_themeisle_gutenberg_block_has_review":false,"footnotes":""},"class_list":["post-735","page","type-page","status-publish","hentry","no-thumbnail"],"acf":[],"yoast_head":"<!-- This site is optimized with the Yoast SEO plugin v24.5 - https:\/\/yoast.com\/wordpress\/plugins\/seo\/ -->\n<title>Mi a KOULIO - KOULIO<\/title>\n<meta name=\"description\" content=\"KOULIO v\u00e1s nau\u010d\u00ed metodu, kter\u00e1 pom\u016f\u017ee v ka\u017edodenn\u00edm \u017eivot\u011b nejen v\u00e1m ale i va\u0161im d\u011btem a rodin\u011b. Za\u017eijte \u017eivot bez hodnocen\u00ed sebe a druh\u00fdch.\" \/>\n<meta name=\"robots\" content=\"index, follow, max-snippet:-1, max-image-preview:large, max-video-preview:-1\" \/>\n<link rel=\"canonical\" href=\"https:\/\/www.koulio.com\/hu\/mi-a-koulio\/\" \/>\n<meta property=\"og:locale\" content=\"hu_HU\" \/>\n<meta property=\"og:type\" content=\"article\" \/>\n<meta property=\"og:title\" content=\"Mi a KOULIO - KOULIO\" \/>\n<meta property=\"og:description\" content=\"KOULIO v\u00e1s nau\u010d\u00ed metodu, kter\u00e1 pom\u016f\u017ee v ka\u017edodenn\u00edm \u017eivot\u011b nejen v\u00e1m ale i va\u0161im d\u011btem a rodin\u011b. Za\u017eijte \u017eivot bez hodnocen\u00ed sebe a druh\u00fdch.\" \/>\n<meta property=\"og:url\" content=\"https:\/\/www.koulio.com\/hu\/mi-a-koulio\/\" \/>\n<meta property=\"og:site_name\" content=\"KOULIO\" \/>\n<meta property=\"article:modified_time\" content=\"2023-08-09T08:43:51+00:00\" \/>\n<meta property=\"og:image\" content=\"https:\/\/www.koulio.com\/wp-content\/uploads\/2023\/06\/Koulio.com-Koulio-stromek-1024x616.png\" \/>\n<meta name=\"twitter:card\" content=\"summary_large_image\" \/>\n<meta name=\"twitter:label1\" content=\"Becs\u00fclt olvas\u00e1si id\u0151\" \/>\n\t<meta name=\"twitter:data1\" content=\"4 perc\" \/>\n<script type=\"application\/ld+json\" class=\"yoast-schema-graph\">{\"@context\":\"https:\/\/schema.org\",\"@graph\":[{\"@type\":\"WebPage\",\"@id\":\"https:\/\/www.koulio.com\/hu\/mi-a-koulio\/\",\"url\":\"https:\/\/www.koulio.com\/hu\/mi-a-koulio\/\",\"name\":\"Mi a KOULIO - KOULIO\",\"isPartOf\":{\"@id\":\"https:\/\/www.koulio.com\/hu\/#website\"},\"primaryImageOfPage\":{\"@id\":\"https:\/\/www.koulio.com\/hu\/mi-a-koulio\/#primaryimage\"},\"image\":{\"@id\":\"https:\/\/www.koulio.com\/hu\/mi-a-koulio\/#primaryimage\"},\"thumbnailUrl\":\"https:\/\/www.koulio.com\/wp-content\/uploads\/2023\/06\/Koulio.com-Koulio-stromek-1024x616.png\",\"datePublished\":\"2023-06-30T12:56:18+00:00\",\"dateModified\":\"2023-08-09T08:43:51+00:00\",\"description\":\"KOULIO v\u00e1s nau\u010d\u00ed metodu, kter\u00e1 pom\u016f\u017ee v ka\u017edodenn\u00edm \u017eivot\u011b nejen v\u00e1m ale i va\u0161im d\u011btem a rodin\u011b. Za\u017eijte \u017eivot bez hodnocen\u00ed sebe a druh\u00fdch.\",\"breadcrumb\":{\"@id\":\"https:\/\/www.koulio.com\/hu\/mi-a-koulio\/#breadcrumb\"},\"inLanguage\":\"hu\",\"potentialAction\":[{\"@type\":\"ReadAction\",\"target\":[\"https:\/\/www.koulio.com\/hu\/mi-a-koulio\/\"]}]},{\"@type\":\"ImageObject\",\"inLanguage\":\"hu\",\"@id\":\"https:\/\/www.koulio.com\/hu\/mi-a-koulio\/#primaryimage\",\"url\":\"https:\/\/www.koulio.com\/wp-content\/uploads\/2023\/06\/Koulio.com-Koulio-stromek-1024x616.png\",\"contentUrl\":\"https:\/\/www.koulio.com\/wp-content\/uploads\/2023\/06\/Koulio.com-Koulio-stromek-1024x616.png\"},{\"@type\":\"BreadcrumbList\",\"@id\":\"https:\/\/www.koulio.com\/hu\/mi-a-koulio\/#breadcrumb\",\"itemListElement\":[{\"@type\":\"ListItem\",\"position\":1,\"name\":\"Home\",\"item\":\"https:\/\/www.koulio.com\/hu\/home\/\"},{\"@type\":\"ListItem\",\"position\":2,\"name\":\"Mi a KOULIO\"}]},{\"@type\":\"WebSite\",\"@id\":\"https:\/\/www.koulio.com\/hu\/#website\",\"url\":\"https:\/\/www.koulio.com\/hu\/\",\"name\":\"Koulio - Naplno \u017e\u00edt bez omezuj\u00edc\u00edch my\u0161lenek\",\"description\":\"Koulio je metoda, d\u00edky kter\u00e9 skute\u010dn\u011b pozn\u00e1te sami sebe a objev\u00edte svoji jedine\u010dnou origin\u00e1ln\u00ed podstatu.\",\"publisher\":{\"@id\":\"https:\/\/www.koulio.com\/hu\/#organization\"},\"alternateName\":\"Koulio\",\"potentialAction\":[{\"@type\":\"SearchAction\",\"target\":{\"@type\":\"EntryPoint\",\"urlTemplate\":\"https:\/\/www.koulio.com\/hu\/?s={search_term_string}\"},\"query-input\":{\"@type\":\"PropertyValueSpecification\",\"valueRequired\":true,\"valueName\":\"search_term_string\"}}],\"inLanguage\":\"hu\"},{\"@type\":\"Organization\",\"@id\":\"https:\/\/www.koulio.com\/hu\/#organization\",\"name\":\"KOULIO World s.r.o.\",\"alternateName\":\"KOULIO\",\"url\":\"https:\/\/www.koulio.com\/hu\/\",\"logo\":{\"@type\":\"ImageObject\",\"inLanguage\":\"hu\",\"@id\":\"https:\/\/www.koulio.com\/hu\/#\/schema\/logo\/image\/\",\"url\":\"https:\/\/www.koulio.com\/wp-content\/uploads\/2023\/08\/KOULIO_logotyp_final.png\",\"contentUrl\":\"https:\/\/www.koulio.com\/wp-content\/uploads\/2023\/08\/KOULIO_logotyp_final.png\",\"width\":1269,\"height\":379,\"caption\":\"KOULIO World s.r.o.\"},\"image\":{\"@id\":\"https:\/\/www.koulio.com\/hu\/#\/schema\/logo\/image\/\"}}]}<\/script>\n<!-- \/ Yoast SEO plugin. -->","yoast_head_json":{"title":"Mi a KOULIO - KOULIO","description":"KOULIO v\u00e1s nau\u010d\u00ed metodu, kter\u00e1 pom\u016f\u017ee v ka\u017edodenn\u00edm \u017eivot\u011b nejen v\u00e1m ale i va\u0161im d\u011btem a rodin\u011b. Za\u017eijte \u017eivot bez hodnocen\u00ed sebe a druh\u00fdch.","robots":{"index":"index","follow":"follow","max-snippet":"max-snippet:-1","max-image-preview":"max-image-preview:large","max-video-preview":"max-video-preview:-1"},"canonical":"https:\/\/www.koulio.com\/hu\/mi-a-koulio\/","og_locale":"hu_HU","og_type":"article","og_title":"Mi a KOULIO - KOULIO","og_description":"KOULIO v\u00e1s nau\u010d\u00ed metodu, kter\u00e1 pom\u016f\u017ee v ka\u017edodenn\u00edm \u017eivot\u011b nejen v\u00e1m ale i va\u0161im d\u011btem a rodin\u011b. Za\u017eijte \u017eivot bez hodnocen\u00ed sebe a druh\u00fdch.","og_url":"https:\/\/www.koulio.com\/hu\/mi-a-koulio\/","og_site_name":"KOULIO","article_modified_time":"2023-08-09T08:43:51+00:00","og_image":[{"url":"https:\/\/www.koulio.com\/wp-content\/uploads\/2023\/06\/Koulio.com-Koulio-stromek-1024x616.png","type":"","width":"","height":""}],"twitter_card":"summary_large_image","twitter_misc":{"Becs\u00fclt olvas\u00e1si id\u0151":"4 perc"},"schema":{"@context":"https:\/\/schema.org","@graph":[{"@type":"WebPage","@id":"https:\/\/www.koulio.com\/hu\/mi-a-koulio\/","url":"https:\/\/www.koulio.com\/hu\/mi-a-koulio\/","name":"Mi a KOULIO - KOULIO","isPartOf":{"@id":"https:\/\/www.koulio.com\/hu\/#website"},"primaryImageOfPage":{"@id":"https:\/\/www.koulio.com\/hu\/mi-a-koulio\/#primaryimage"},"image":{"@id":"https:\/\/www.koulio.com\/hu\/mi-a-koulio\/#primaryimage"},"thumbnailUrl":"https:\/\/www.koulio.com\/wp-content\/uploads\/2023\/06\/Koulio.com-Koulio-stromek-1024x616.png","datePublished":"2023-06-30T12:56:18+00:00","dateModified":"2023-08-09T08:43:51+00:00","description":"KOULIO v\u00e1s nau\u010d\u00ed metodu, kter\u00e1 pom\u016f\u017ee v ka\u017edodenn\u00edm \u017eivot\u011b nejen v\u00e1m ale i va\u0161im d\u011btem a rodin\u011b. Za\u017eijte \u017eivot bez hodnocen\u00ed sebe a druh\u00fdch.","breadcrumb":{"@id":"https:\/\/www.koulio.com\/hu\/mi-a-koulio\/#breadcrumb"},"inLanguage":"hu","potentialAction":[{"@type":"ReadAction","target":["https:\/\/www.koulio.com\/hu\/mi-a-koulio\/"]}]},{"@type":"ImageObject","inLanguage":"hu","@id":"https:\/\/www.koulio.com\/hu\/mi-a-koulio\/#primaryimage","url":"https:\/\/www.koulio.com\/wp-content\/uploads\/2023\/06\/Koulio.com-Koulio-stromek-1024x616.png","contentUrl":"https:\/\/www.koulio.com\/wp-content\/uploads\/2023\/06\/Koulio.com-Koulio-stromek-1024x616.png"},{"@type":"BreadcrumbList","@id":"https:\/\/www.koulio.com\/hu\/mi-a-koulio\/#breadcrumb","itemListElement":[{"@type":"ListItem","position":1,"name":"Home","item":"https:\/\/www.koulio.com\/hu\/home\/"},{"@type":"ListItem","position":2,"name":"Mi a KOULIO"}]},{"@type":"WebSite","@id":"https:\/\/www.koulio.com\/hu\/#website","url":"https:\/\/www.koulio.com\/hu\/","name":"Koulio - Naplno \u017e\u00edt bez omezuj\u00edc\u00edch my\u0161lenek","description":"Koulio je metoda, d\u00edky kter\u00e9 skute\u010dn\u011b pozn\u00e1te sami sebe a objev\u00edte svoji jedine\u010dnou origin\u00e1ln\u00ed podstatu.","publisher":{"@id":"https:\/\/www.koulio.com\/hu\/#organization"},"alternateName":"Koulio","potentialAction":[{"@type":"SearchAction","target":{"@type":"EntryPoint","urlTemplate":"https:\/\/www.koulio.com\/hu\/?s={search_term_string}"},"query-input":{"@type":"PropertyValueSpecification","valueRequired":true,"valueName":"search_term_string"}}],"inLanguage":"hu"},{"@type":"Organization","@id":"https:\/\/www.koulio.com\/hu\/#organization","name":"KOULIO World s.r.o.","alternateName":"KOULIO","url":"https:\/\/www.koulio.com\/hu\/","logo":{"@type":"ImageObject","inLanguage":"hu","@id":"https:\/\/www.koulio.com\/hu\/#\/schema\/logo\/image\/","url":"https:\/\/www.koulio.com\/wp-content\/uploads\/2023\/08\/KOULIO_logotyp_final.png","contentUrl":"https:\/\/www.koulio.com\/wp-content\/uploads\/2023\/08\/KOULIO_logotyp_final.png","width":1269,"height":379,"caption":"KOULIO World s.r.o."},"image":{"@id":"https:\/\/www.koulio.com\/hu\/#\/schema\/logo\/image\/"}}]}},"_links":{"self":[{"href":"https:\/\/www.koulio.com\/hu\/wp-json\/wp\/v2\/pages\/735","targetHints":{"allow":["GET"]}}],"collection":[{"href":"https:\/\/www.koulio.com\/hu\/wp-json\/wp\/v2\/pages"}],"about":[{"href":"https:\/\/www.koulio.com\/hu\/wp-json\/wp\/v2\/types\/page"}],"author":[{"embeddable":true,"href":"https:\/\/www.koulio.com\/hu\/wp-json\/wp\/v2\/users\/1"}],"replies":[{"embeddable":true,"href":"https:\/\/www.koulio.com\/hu\/wp-json\/wp\/v2\/comments?post=735"}],"version-history":[{"count":0,"href":"https:\/\/www.koulio.com\/hu\/wp-json\/wp\/v2\/pages\/735\/revisions"}],"wp:attachment":[{"href":"https:\/\/www.koulio.com\/hu\/wp-json\/wp\/v2\/media?parent=735"}],"curies":[{"name":"wp","href":"https:\/\/api.w.org\/{rel}","templated":true}]}}